{"id":1649,"date":"2025-01-05T08:50:32","date_gmt":"2025-01-05T07:50:32","guid":{"rendered":"http:\/\/www.xn--militrschtzen-urtenen-91b07c.ch\/?page_id=1649"},"modified":"2026-01-20T17:42:47","modified_gmt":"2026-01-20T16:42:47","slug":"veteranen","status":"publish","type":"page","link":"https:\/\/www.xn--sportschtzen-grauholz-gic.ch\/wordpress\/?page_id=1649","title":{"rendered":"Jungsch\u00fctzen"},"content":{"rendered":"<p><strong><u>300m \/ Jungsch\u00fctzenkurs 2026<\/u><\/strong><\/p>\n<p><u>Jungsch\u00fctzenbrosch\u00fcre 2026<\/u><\/p>\n<p>\u00d6ffnen<i>\u00a0PDF\u00a0<\/i>\u2013 Datei: <a href=\"https:\/\/www.xn--sportschtzen-grauholz-gic.ch\/wordpress\/wp-content\/uploads\/2026\/01\/JS-Broschuere-2026.pdf\">JS Brosch\u00fcre 2026<\/a><\/p>\n<p><a href=\"https:\/\/www.xn--sportschtzen-grauholz-gic.ch\/wordpress\/wp-content\/uploads\/2026\/01\/JS-Broschuere-2026.jpg\"><img loading=\"lazy\" decoding=\"async\" class=\"alignnone  wp-image-20443\" src=\"https:\/\/www.xn--sportschtzen-grauholz-gic.ch\/wordpress\/wp-content\/uploads\/2026\/01\/JS-Broschuere-2026-263x300.jpg\" alt=\"\" width=\"285\" height=\"323\" \/><\/a><\/p>\n<p><img loading=\"lazy\" decoding=\"async\" class=\"\" src=\"https:\/\/www.grauholzschiessen.ch\/fileadmin\/_processed_\/a\/e\/csm_logo-swisslos_d1af33584a.jpg\" width=\"284\" height=\"89\" \/><\/p>\n<p>&gt;&gt;&gt;&gt;&gt;&gt;&gt;&gt;&gt;&gt;&gt;&gt;&gt;&gt;&gt;&gt;&gt;&gt;&gt;&gt;&gt;&gt;&gt;&gt;&gt;&gt;&gt;&gt;&gt;&gt;&gt;&gt;&gt;&gt;&gt;&gt;&gt;&gt;&gt;&gt;&gt;&gt;&gt;&gt;&gt;&gt;&gt;&gt;&gt;&gt;&gt;&gt;&gt;&gt;&gt;&gt;&gt;&gt;&gt;&gt;&gt;&gt;&gt;&gt;&gt;&gt;<\/p>\n<p><strong>50 Jahre Nachwuchsarbeit im Berner Schiesssport<\/strong><\/p>\n<p>Moosseedorf \/ Urtenen-Sch\u00f6nb\u00fchl \u2013 \u00dcber 250 junge Sch\u00fctzinnen und Sch\u00fctzen aus dem ganzen Kanton Bern trafen sich am Samstag, 13. September 2025 in der Schiessanlage Sand im Grauholz zum j\u00e4hrlichen kantonalen Nachwuchs- und Jungsch\u00fctzentag des Berner Schiesssportverbandes (BSSV). Der Anlass zeigte eindr\u00fccklich auf, was Nachwuchsf\u00f6rderung im Schiesssport bedeutet: Disziplin, Konzentration, Kameradschaft und eine grosse Portion Begeisterung.<\/p>\n<p><a href=\"https:\/\/www.xn--sportschtzen-grauholz-gic.ch\/wordpress\/wp-content\/uploads\/2025\/11\/20250913_083727-scaled.jpg\"><img loading=\"lazy\" decoding=\"async\" class=\"alignnone wp-image-20396\" src=\"https:\/\/www.xn--sportschtzen-grauholz-gic.ch\/wordpress\/wp-content\/uploads\/2025\/11\/20250913_083727-300x169.jpg\" alt=\"\" width=\"382\" height=\"219\" \/><\/a><\/p>\n<p>Abbildung 1: Pistolendisziplin auf 25 Meter<\/p>\n<p>Zum Anlass eingeladen waren jene Nachwuchs- und Jungsch\u00fctzinnen und -sch\u00fctzen, die in den vorangegangenen Wettbewerben mit konstant guten Resultaten bewiesen haben, dass sie zu den besten Nachwuchstalenten des Kantons z\u00e4hlen. Bereits ab sieben Uhr morgens f\u00fcllte sich die Anlage. Im Vormittagsprogramm absolvierten die Sch\u00fctzinnen und -sch\u00fctzen ihre Wettk\u00e4mpfe auf der 300-Meter-Distanz sowie in den Pistolendisziplinen auf 25 Meter. Begleitet wurden sie von ihren Jungsch\u00fctzenleiterinnen und -leitern, die sie das ganze Jahr \u00fcber ausbilden und nun am Nachwuchs- und Jungsch\u00fctzentag unterst\u00fctzten. Trotz Wettkampfstress herrschte eine entspannte, kameradschaftliche Atmosph\u00e4re \u2013 getragen von gegenseitigem Respekt und der Freude am gemeinsamen Sport.<\/p>\n<p><strong>Sportliche H\u00f6hepunkte des kantonalen Nachwuchs- und Jungsch\u00fctzentages<\/strong><\/p>\n<p>Die Resultate wurden getrennt nach Nachwuchs- und Jungsch\u00fctzenwettkampf sowie innerhalb dieser Gruppen nach Alter und verwendetem Sportger\u00e4t ausgewertet. Bei den 300-Meter Disziplinen konnte eine maximale Punktezahl von 150 Punkten erzielt werden. F\u00fcr Furore sorgte Salom\u00e9-Doroth\u00e9e Zbinden (MSG Guggisberg), die gleich doppelt triumphierte: Sie gewann mit dem Sturmgewehr \u00fcber 300 Meter sowohl den Jungsch\u00fctzenwettkampf als auch die Kategorie U21 des Nachwuchswettkampfes. In der Kategorie U17 Gewehr 300 Meter siegte Luana Blum (SG Erlenbach-Wimmis). Das beste Standardgewehr-Resultat erzielte Nick Krebs (Sch\u00fctzen Zweisimmen).<\/p>\n<p><strong>Detailresultate<\/strong> <strong>300m-Disziplinen<\/strong><\/p>\n<p>Sturmgewehr 90 (U17) (Nachwuchstag)<\/p>\n<ul>\n<li>Luana Blum (SG Erlenbach-Wimmis) 141 Punkte<\/li>\n<li>Kevin Hauser (MSG Guggisberg) 140 Punkte<\/li>\n<li>Fynn Heimberg (SG Erlenbach-Wimmis) 139 Punkte<\/li>\n<\/ul>\n<p>Sturmgewehr 90 (U21) (Nachwuchstag)<\/p>\n<ul>\n<li>Salom\u00e9-Doroth\u00e9e Zbinden (MSG Guggisberg) 142 Punkte<\/li>\n<li>Valentin Alexander Paschold (SG Lehn Unterseen) 141 Punkte<\/li>\n<li>Fabio Mario Rusca (SG Lehn Unterseen) 141 Punkte<\/li>\n<\/ul>\n<p>Standardgewehr (Nachwuchstag)<\/p>\n<ul>\n<li>Nick Krebs (Sch\u00fctzen Zweisimen) 144 Punkte<\/li>\n<li>Samuel von Bergen (SG Innertkirchen) 141 Punkte<\/li>\n<\/ul>\n<p>Sturmgewehr 90 (U17&amp;U21) (Jungsch\u00fctzentag)<\/p>\n<ul>\n<li>Salom\u00e9-Doroth\u00e9e Zbinden (MSG Guggisberg) 144 Punkte<\/li>\n<li>Tobias Lukas Jost (Sch\u00fctzen Kirchberg) 144 Punkte<\/li>\n<li>Alexandra Burri (SG Lanzenh\u00e4usern) 141 Punkte<\/li>\n<\/ul>\n<p><a href=\"https:\/\/www.xn--sportschtzen-grauholz-gic.ch\/wordpress\/wp-content\/uploads\/2025\/11\/20250913_085408-scaled.jpg\"><img loading=\"lazy\" decoding=\"async\" class=\"alignnone wp-image-20397\" src=\"https:\/\/www.xn--sportschtzen-grauholz-gic.ch\/wordpress\/wp-content\/uploads\/2025\/11\/20250913_085408-300x169.jpg\" alt=\"\" width=\"386\" height=\"222\" \/><\/a><\/p>\n<p>Abbildung 2: 300m-Schiessstand w\u00e4hrend dem Schiessbetrieb<\/p>\n<p>Auch die Pistolensch\u00fctzinnen und -sch\u00fctzen zeigten beeindruckende Pr\u00e4zision. Es konnte eine maximale Punktezahl von 200 Punkten erzielt werden. Mit der Ordonnanzpistole setzte sich Janick Harri (Pistolensch\u00fctzen G\u00fcrbetal) \u00fcber beide Alterskategorien an die Spitze. Finn Kruse (Pistolensektion Uetendorf) entschied die Kategorie Sportpistole U21 f\u00fcr sich, w\u00e4hrend Iwan Hirschi (Pistolensch\u00fctzen Schangnau) die U17-Kategorie gewann. Im Gruppenwettkampf der Sport- und Ordonanzpistolen (U17&amp;U21) triumphierte das Team \u00abHogant\u00bb der Pistolensch\u00fctzen Schangnau.<\/p>\n<p><strong>Detailresultate<\/strong> <strong>Pistolendisziplinen auf 25m<\/strong><\/p>\n<p>Ordonanzpistole (U17&amp;U21) (Nachwuchstag)<\/p>\n<ul>\n<li>Janick Harri (Pistolensch\u00fctzen G\u00fcrbetal) 194 Punkte<\/li>\n<li>Finn Kruse (Pistolensektion Uetendorf) 190 Punkte<\/li>\n<li>L\u00e9ry Delet\u00eate Mojard (Les Armes-R\u00e9unies La Vignerole) 189 Punkte<\/li>\n<\/ul>\n<p>Sportpistole U17 (Nachwuchstag)<\/p>\n<ul>\n<li>Iwan Hirschi (Pistolensch\u00fctzen Schangnau) 191 Punkte<\/li>\n<li>Fredy Hirschi (Pistolensch\u00fctzen Schangnau) 191 Punkte<\/li>\n<li>Nina Vragovic (Pistolensch\u00fctzen Schangnau) 189 Punkte<\/li>\n<\/ul>\n<p>Sportpistole U21 (Nachwuchstag)<\/p>\n<ul>\n<li>Finn Kruse (Pistolensektion Uetendorf) 193 Punkte<\/li>\n<li>Janick Harri (Pistolensch\u00fctzen G\u00fcrbetal) 191 Punkte<\/li>\n<li>Mia Lili Forg\u00e1cs (Stadtch\u00fctzen Langenthal) 190 Punkte)<\/li>\n<\/ul>\n<p>Gruppe Sport- und Ordonanzpistole (U17&amp;U21) (Nachwuchstag)<\/p>\n<ul>\n<li>Gruppe Hogant (Marcel Fankhauser, Nina Vragovic, Iwan Hirschi) (Pistolensch\u00fctzen Schangnau) 565 Punkte<\/li>\n<li>Gruppe Wachthubel (Fredy Hirschi, Kilian W\u00fcthrich, Jakob Stegmann (Pistolensch\u00fctzen Schangnau) 554 Punkte<\/li>\n<li>Gruppe Weier (Paula Mu\u00f1oz Infantes, Mia Lili Forg\u00e1cs, Luna Kaufmann (Stadtsch\u00fctzen Langenthal) 546 Punkte<\/li>\n<\/ul>\n<p>&nbsp;<\/p>\n<p><strong>Jubil\u00e4umswettkampf am Nachmittag<\/strong><\/p>\n<p>Im Zeichen des 50. kantonalen Jungsch\u00fctzentages wurde am Nachmittag ein Jubil\u00e4ums-Gruppenwettkampf auf der 300-Meter-Distanz veranstaltet. In Dreierteams trat jeweils ein Leiter oder eine Leiterin gemeinsam mit zwei Jungsch\u00fctzinnen oder-sch\u00fctzen an. Im Vordergrund standen Spass, Teamgeist und das gemeinsame Erleben des Schiesssports \u2013 doch der Ehrgeiz fehlte keineswegs. Es konnte ein maximales Gruppenresultat von 300 Punkten erreicht werden. Den Sieg sicherte sich die Gruppe \u00abFeldschl\u00f6ssli\u00bb der Sportsch\u00fctzen Diemtigtal (Daniel Balmer, Marc und Jan Minnig) mit 280 Punkten. Den zweiten Platz belegte die Gruppe \u00abKrattigen 2\u00bb (Markus Inderm\u00fchle, Ashana Tina L\u00f6rtscher, Schranz Pablo) mit 279 Punkten. Den tollen dritten Platz erreichte die Gruppe \u00abGuggisberg 2\u00bb (Patrik Riesen, Salom\u00e9-Doroth\u00e9e Zbinden, Lorin Werren) mit 274 Punkten.<\/p>\n<p><strong>Grosse Gemeinschaftsleistung und herzlicher Dank<\/strong><\/p>\n<p>Zum Abschluss blickten alle Beteiligten stolz und zufrieden auf einen Tag zur\u00fcck, der nicht nur sportlich, sondern auch menschlich begeisterte \u2013 ein w\u00fcrdiges Jubil\u00e4um und ein starkes Zeichen f\u00fcr die Zukunft des Nachwuchses im Berner Schiesssport. Die Leitung des Anlasses lag in den bew\u00e4hrten H\u00e4nden von Kaspar Jaun, Ressortleiter Jungsch\u00fctzen beim BSSV. Unterst\u00fctzt wurde er von seinen Verbandskolleginnen und -kollegen Urs Messer, Peter Thomann, Sarah Amacher und Ren\u00e9 Dennler, den Helferinnen und Helfern der Pistolen- und Revolversch\u00fctzen Sch\u00f6nb\u00fchl-Urtenen sowie den zahlreichen Helferinnen und Helfern der Sportsch\u00fctzen Grauholz. \u00abEin solcher Anlass zeigt, wie viel Herzblut und Engagement in der Nachwuchsarbeit steckt\u00bb (Philippe Wegm\u00fcller, Pr\u00e4sident der Sportsch\u00fctzen Grauholz).<\/p>\n<p><a href=\"https:\/\/www.xn--sportschtzen-grauholz-gic.ch\/wordpress\/wp-content\/uploads\/2025\/11\/IMG-20250913-WA0023.jpg\"><img loading=\"lazy\" decoding=\"async\" class=\"alignnone wp-image-20398\" src=\"https:\/\/www.xn--sportschtzen-grauholz-gic.ch\/wordpress\/wp-content\/uploads\/2025\/11\/IMG-20250913-WA0023-300x225.jpg\" alt=\"\" width=\"385\" height=\"292\" \/><\/a><\/p>\n<p>Abbildung 3: Helfende der Sportsch\u00fctzen Grauholz mit den Ehrendamen.<br \/>\nOben von links: Rico Emmenegger, Ulrich Wiedmer, J\u00e9r\u00f4me Botteron, Chiara B\u00fcrki, Philippe Wegm\u00fcller, Gian Neuenschwander<br \/>\nMitte von Links: Angela Anliker, Beatrice Schenk, Martin Schenk, Walter Probst<br \/>\nUnten von links: Lena Lemp, Daniel Javet, Dominik Baumgartner, Rudolf Salzmann, Stefan M\u00e4usli, Marcel Zbinden , Lukas Streit, Jan B\u00fctikofer, Tabea Grossenbacher<\/p>\n<p>&nbsp;<\/p>\n<p>Einen grossen Dank gilt zudem unseren zahlreichen regionalen Sponsoren, welche den Jubil\u00e4umsanlass unterst\u00fctzt haben, sowie den Ehrendamen Tabea Grossenbacher und Lena Lemp der Trachtengruppe Hettiswil, welche die Medaillen an die gl\u00fccklichen Siegerinnen und Sieger \u00fcberreicht haben.<\/p>\n<p><a href=\"https:\/\/www.xn--sportschtzen-grauholz-gic.ch\/wordpress\/wp-content\/uploads\/2025\/11\/Sponsoren.png\"><img loading=\"lazy\" decoding=\"async\" class=\"alignnone wp-image-20399\" src=\"https:\/\/www.xn--sportschtzen-grauholz-gic.ch\/wordpress\/wp-content\/uploads\/2025\/11\/Sponsoren-300x136.png\" alt=\"\" width=\"387\" height=\"182\" \/><\/a><\/p>\n<p>Abbildung 4: Sponsoren<\/p>\n<p>Autor: J\u00e9r\u00f4me Botteron, Vorstandsmitglied Sportsch\u00fctzen Grauholz<\/p>\n<p>Kontakt:<\/p>\n<p><a href=\"mailto:info@sportsch\u00fctzen-grauholz.ch\">info@sportsch\u00fctzen-grauholz.ch<\/a>, <a href=\"https:\/\/www.xn--sportschtzen-grauholz-gic.ch\/\">https:\/\/www.xn--sportschtzen-grauholz-gic.ch\/<\/a><\/p>\n<p><img loading=\"lazy\" decoding=\"async\" class=\"\" src=\"https:\/\/www.grauholzschiessen.ch\/fileadmin\/_processed_\/a\/e\/csm_logo-swisslos_d1af33584a.jpg\" width=\"284\" height=\"89\" \/><\/p>\n<p>&gt;&gt;&gt;&gt;&gt;&gt;&gt;&gt;&gt;&gt;&gt;&gt;&gt;&gt;&gt;&gt;&gt;&gt;&gt;&gt;&gt;&gt;&gt;&gt;&gt;&gt;&gt;&gt;&gt;&gt;&gt;&gt;&gt;&gt;&gt;&gt;&gt;&gt;&gt;&gt;&gt;&gt;&gt;&gt;&gt;&gt;&gt;&gt;&gt;&gt;&gt;&gt;&gt;&gt;&gt;&gt;&gt;&gt;&gt;&gt;&gt;&gt;&gt;&gt;&gt;&gt;<\/p>\n<p>&nbsp;<\/p>\n<p><strong><u>300m \/ Jungsch\u00fctzenkurs 2025<\/u><\/strong><\/p>\n<p><u>Jungsch\u00fctzenbrosch\u00fcre 2025<\/u><\/p>\n<p>\u00d6ffnen<i> PDF <\/i>\u2013 Datei: <a href=\"https:\/\/www.xn--sportschtzen-grauholz-gic.ch\/wordpress\/wp-content\/uploads\/2025\/01\/JS-Broschuere-2025_V1.pdf\">JS Brosch\u00fcre 2025_V1<\/a><\/p>\n<p><a href=\"https:\/\/www.xn--sportschtzen-grauholz-gic.ch\/wordpress\/wp-content\/uploads\/2025\/01\/JS_2025-1.jpg\"><img loading=\"lazy\" decoding=\"async\" class=\"alignnone wp-image-20140\" src=\"https:\/\/www.xn--sportschtzen-grauholz-gic.ch\/wordpress\/wp-content\/uploads\/2025\/01\/JS_2025-1-268x300.jpg\" alt=\"\" width=\"283\" height=\"315\" \/><\/a><\/p>\n<p><img loading=\"lazy\" decoding=\"async\" class=\"\" src=\"https:\/\/www.grauholzschiessen.ch\/fileadmin\/_processed_\/a\/e\/csm_logo-swisslos_d1af33584a.jpg\" width=\"284\" height=\"89\" \/><\/p>\n<h6><!-- x-tinymce\/html --><\/h6>\n","protected":false},"excerpt":{"rendered":"<p>300m \/ Jungsch\u00fctzenkurs 2026 Jungsch\u00fctzenbrosch\u00fcre 2026 \u00d6ffnen\u00a0PDF\u00a0\u2013 Datei: JS Brosch\u00fcre 2026 &gt;&gt;&gt;&gt;&gt;&gt;&gt;&gt;&gt;&gt;&gt;&gt;&gt;&gt;&gt;&gt;&gt;&gt;&gt;&gt;&gt;&gt;&gt;&gt;&gt;&gt;&gt;&gt;&gt;&gt;&gt;&gt;&gt;&gt;&gt;&gt;&gt;&gt;&gt;&gt;&gt;&gt;&gt;&gt;&gt;&gt;&gt;&gt;&gt;&gt;&gt;&gt;&gt;&gt;&gt;&gt;&gt;&gt;&gt;&gt;&gt;&gt;&gt;&gt;&gt;&gt; 50 Jahre Nachwuchsarbeit im Berner Schiesssport Moosseedorf \/ Urtenen-Sch\u00f6nb\u00fchl \u2013 \u00dcber 250 junge Sch\u00fctzinnen und Sch\u00fctzen aus dem ganzen Kanton Bern trafen sich am Samstag, 13. September 2025 &hellip; <a href=\"https:\/\/www.xn--sportschtzen-grauholz-gic.ch\/wordpress\/?page_id=1649\">Weiterlesen <span class=\"meta-nav\">&rarr;<\/span><\/a><\/p>\n","protected":false},"author":6,"featured_media":0,"parent":0,"menu_order":9,"comment_status":"open","ping_status":"closed","template":"","meta":{"footnotes":""},"class_list":["post-1649","page","type-page","status-publish","hentry"],"_links":{"self":[{"href":"https:\/\/www.xn--sportschtzen-grauholz-gic.ch\/wordpress\/index.php?rest_route=\/wp\/v2\/pages\/1649","targetHints":{"allow":["GET"]}}],"collection":[{"href":"https:\/\/www.xn--sportschtzen-grauholz-gic.ch\/wordpress\/index.php?rest_route=\/wp\/v2\/pages"}],"about":[{"href":"https:\/\/www.xn--sportschtzen-grauholz-gic.ch\/wordpress\/index.php?rest_route=\/wp\/v2\/types\/page"}],"author":[{"embeddable":true,"href":"https:\/\/www.xn--sportschtzen-grauholz-gic.ch\/wordpress\/index.php?rest_route=\/wp\/v2\/users\/6"}],"replies":[{"embeddable":true,"href":"https:\/\/www.xn--sportschtzen-grauholz-gic.ch\/wordpress\/index.php?rest_route=%2Fwp%2Fv2%2Fcomments&post=1649"}],"version-history":[{"count":34,"href":"https:\/\/www.xn--sportschtzen-grauholz-gic.ch\/wordpress\/index.php?rest_route=\/wp\/v2\/pages\/1649\/revisions"}],"predecessor-version":[{"id":20445,"href":"https:\/\/www.xn--sportschtzen-grauholz-gic.ch\/wordpress\/index.php?rest_route=\/wp\/v2\/pages\/1649\/revisions\/20445"}],"wp:attachment":[{"href":"https:\/\/www.xn--sportschtzen-grauholz-gic.ch\/wordpress\/index.php?rest_route=%2Fwp%2Fv2%2Fmedia&parent=1649"}],"curies":[{"name":"wp","href":"https:\/\/api.w.org\/{rel}","templated":true}]}}