{"id":2,"date":"2011-06-11T17:14:23","date_gmt":"2011-06-11T17:14:23","guid":{"rendered":"http:\/\/new.lglpbern.ch\/wordpress\/?page_id=2"},"modified":"2022-01-09T21:44:52","modified_gmt":"2022-01-09T20:44:52","slug":"sample-page","status":"publish","type":"page","link":"https:\/\/www.xn--sportschtzen-grauholz-gic.ch\/wordpress\/?page_id=2","title":{"rendered":"Willkommenseite"},"content":{"rendered":"<p><span style=\"color: #3c5ac4; font-family: Verdana,Tahoma,Arial; font-size: 14pt;\">Herzlich Willkommen bei den Sportsch\u00fctzen Grauholz 300m und 10m.<\/span><\/p>\n<p>Wer sind die Sportsch\u00fctzen Grauholz?<\/p>\n<p>Der Verein Sportsch\u00fctzen Grauholz ist aus der Fusion der Sch\u00fctzenvereine Feldsch\u00fctzen Sand und Milit\u00e4rsch\u00fctzen Urtenen entstanden. Beides Sch\u00fctzenvereine aus der Region Grauholz mit langj\u00e4hrigen Traditionen.<\/p>\n<p>Der Lauf der Zeit hat auch in den Sch\u00fctzenvereinen nicht halt gemacht. Um ein breites, attraktives und modernes Angebot im Schiesssport anbieten zu k\u00f6nnen, haben sich diese Vereine zu einer Fusion entschlossen. Durch die Vereinigung der vorhandenen Traditionen mit dem sportlichen Teil ist ein interessantes Freizeitangebot f\u00fcr Jung und Alt geschaffen worden.<\/p>\n<p>Der Entscheid zur Fusion wurde im November 2014 gefasst. Am 3. Dezember 2014 fand die erste Sitzung im alten Sch\u00fctzenhaus MS Urtenen statt. Eingeladen waren Vertreter der 2 Fusionsvereine. Die Vertreter der Vereine Pistolen-und Revolversch\u00fctzen Sch\u00f6nb\u00fchl-Urtenen und Umgebung, Pistolensch\u00fctzen-Bernerb\u00e4r und Bern Artillerie-Sch\u00fctzen Grauholz sind m\u00fcndlich Informiert worden. Es wurde jedem Verein die Gelegenheit geboten, bei der Fusion aktiv mitzumachen und sich zu beteiligen. Sie mussten sich bis zu einem Stichtag entscheiden ob sie auch an einer Fusion interessiert w\u00e4ren.<\/p>\n<p>Es blieb schliesslich bei den zwei Vereinen Feldsch\u00fctzen Sand und Milit\u00e4rsch\u00fctzen Urtenen.<\/p>\n<p>Es wurde ein Konzept von der Arbeitsgruppe erstellt, nach welchem der neue Verein aufgebaut wurde. Nach einer Konzeptreichen Zeit konnten alle Punkte des Konzeptes termingerecht umgesetzt werden. Es konnte ein kompletter Vorstand f\u00fcr die Leitung des neuen Vereins an der Gr\u00fcndungsversammlung, 13. November 2015 pr\u00e4sentiert werden. Der neue Verein &#8222;Sportsch\u00fctzen Grauholz&#8220; mit modernem, neuzeitlichem Denken unter Beibehaltung der alten Traditionen war geboren.<\/p>\n<p>Wir\u00a0Sportsch\u00fctzen Grauholz freuen uns, dass Sie sich f\u00fcr unsere Vereinsaktivit\u00e4ten interessieren. Wie bei andern Vereinen auch, pflegen unsere Mitglieder soziale Kontakte mit Gleichgesinnten.<\/p>\n<p><strong>300 Meter<\/strong>\u00a0\u00a0(24 Scheiben in der Schiessanlage Sand)<\/p>\n<p>300m Schiessen in der Schiessanlage Sand<br \/>\nObligatorische \u00dcbungen<br \/>\nFeldschiessen<br \/>\nJahresmeisterschaft<br \/>\nusw.<\/p>\n<p><strong>10 Meter<\/strong>\u00a0\u00a0(6 St\u00e4nde elektronische Trefferanzeige\u00a0f\u00fcr Luftgewehr und Luftpistole)<\/p>\n<p><iframe loading=\"lazy\" src=\"https:\/\/www.youtube-nocookie.com\/embed\/AGL7nLPiJcQ\" width=\"560\" height=\"315\" frameborder=\"0\" allowfullscreen=\"allowfullscreen\"><\/iframe><\/p>\n<p><span style=\"color: #000000;\">Unser \u201cSportger\u00e4t\u2033 ist die Luftpistole und das Luftgewehr. Beide Hochleistungsger\u00e4te sind ausschliesslich f\u00fcr das Scheibenschiessen auf 10m konstruiert und werden individuell den anatomischen Gegebenheiten des Sch\u00fctzen und der Sch\u00fctzin angepasst.<\/span><\/p>\n<p><span style=\"color: #000000;\">Im Gegensatz zu vielen Kampfsportarten wird das Schussgeschehen beim Druckluftschiessen nicht nur von festgelegten Schritt- und Bewegungsfolgen umrahmt, sondern der Sch\u00fctze erf\u00e4hrt das paradoxe Zusammenspiel von \u00e4usserster Gespanntheit und tiefster Gelassenheit in jenem Moment spontaner Freiheit, das beim Ausl\u00f6sen des Schusses auftaucht. Es entsteht ein Bereich gesammelter Aufmerksamkeit und Atemkraft. Nicht das Treffen ist vorerst vorrangiges Ziel, sondern die genaue und hingebungsvolle Ausf\u00fchrung der gesamten \u00dcbung, \u00e4hnlich wie beim japanischen Bogenschiessen. Die guten Resultate kommen dann von selbst, auch bei Meisterschaften in andern Schiessst\u00e4nden. Der richtige Weg ist das Ziel. Einen \u201cGruppendruck\u2033 wie bei einem Orchester, bei dem jeder Musiker sein Instrument und das St\u00fcck auf einen festgelegten Zeitpunkt hin beherrschen muss, gibt es bei den LG &#8211; LP Sch\u00fctzen\u00a0Urtenen nicht.<\/span><\/p>\n<p><span style=\"color: #000000;\">Suchen Sie also eine Freizeitaktivit\u00e4t, die Ihnen neue Kontakte verschafft und Sie die t\u00e4glichen Unzul\u00e4nglichkeiten durch eine friedliche, meditative und introspektive T\u00e4tigkeit f\u00fcr einige Stunden vergessen l\u00e4sst, dann sind Sie bei uns richtig.<\/span><\/p>\n","protected":false},"excerpt":{"rendered":"<p>Herzlich Willkommen bei den Sportsch\u00fctzen Grauholz 300m und 10m. Wer sind die Sportsch\u00fctzen Grauholz? Der Verein Sportsch\u00fctzen Grauholz ist aus der Fusion der Sch\u00fctzenvereine Feldsch\u00fctzen Sand und Milit\u00e4rsch\u00fctzen Urtenen entstanden. Beides Sch\u00fctzenvereine aus der Region Grauholz mit langj\u00e4hrigen Traditionen. Der &hellip; <a href=\"https:\/\/www.xn--sportschtzen-grauholz-gic.ch\/wordpress\/?page_id=2\">Weiterlesen <span class=\"meta-nav\">&rarr;<\/span><\/a><\/p>\n","protected":false},"author":8,"featured_media":0,"parent":0,"menu_order":0,"comment_status":"open","ping_status":"open","template":"","meta":{"footnotes":""},"class_list":["post-2","page","type-page","status-publish","hentry"],"_links":{"self":[{"href":"https:\/\/www.xn--sportschtzen-grauholz-gic.ch\/wordpress\/index.php?rest_route=\/wp\/v2\/pages\/2","targetHints":{"allow":["GET"]}}],"collection":[{"href":"https:\/\/www.xn--sportschtzen-grauholz-gic.ch\/wordpress\/index.php?rest_route=\/wp\/v2\/pages"}],"about":[{"href":"https:\/\/www.xn--sportschtzen-grauholz-gic.ch\/wordpress\/index.php?rest_route=\/wp\/v2\/types\/page"}],"author":[{"embeddable":true,"href":"https:\/\/www.xn--sportschtzen-grauholz-gic.ch\/wordpress\/index.php?rest_route=\/wp\/v2\/users\/8"}],"replies":[{"embeddable":true,"href":"https:\/\/www.xn--sportschtzen-grauholz-gic.ch\/wordpress\/index.php?rest_route=%2Fwp%2Fv2%2Fcomments&post=2"}],"version-history":[{"count":114,"href":"https:\/\/www.xn--sportschtzen-grauholz-gic.ch\/wordpress\/index.php?rest_route=\/wp\/v2\/pages\/2\/revisions"}],"predecessor-version":[{"id":19085,"href":"https:\/\/www.xn--sportschtzen-grauholz-gic.ch\/wordpress\/index.php?rest_route=\/wp\/v2\/pages\/2\/revisions\/19085"}],"wp:attachment":[{"href":"https:\/\/www.xn--sportschtzen-grauholz-gic.ch\/wordpress\/index.php?rest_route=%2Fwp%2Fv2%2Fmedia&parent=2"}],"curies":[{"name":"wp","href":"https:\/\/api.w.org\/{rel}","templated":true}]}}