{"id":521,"date":"2011-09-22T08:06:15","date_gmt":"2011-09-22T08:06:15","guid":{"rendered":"http:\/\/www.milit\u00e4rsch\u00fctzen-urtenen.ch\/?page_id=521"},"modified":"2025-08-18T17:24:01","modified_gmt":"2025-08-18T15:24:01","slug":"521-2","status":"publish","type":"page","link":"https:\/\/www.xn--sportschtzen-grauholz-gic.ch\/wordpress\/?page_id=521","title":{"rendered":"Sponsoring"},"content":{"rendered":"<p><img loading=\"lazy\" decoding=\"async\" class=\"\" src=\"https:\/\/www.grauholzschiessen.ch\/fileadmin\/_processed_\/a\/e\/csm_logo-swisslos_10f106535d.jpg\" width=\"446\" height=\"143\" \/><\/p>\n<p>Wir bitten Sie, bei Gelegenheit unsere Sponsoren zu ber\u00fccksichtigen.<\/p>\n<p>Alle haben unseren Verein in letzter Zeit grossz\u00fcgig unterst\u00fctzt!<\/p>\n<p><a href=\"https:\/\/www.xn--sportschtzen-grauholz-gic.ch\/wordpress\/wp-content\/uploads\/2011\/09\/Werbung.jpg\"><img loading=\"lazy\" decoding=\"async\" class=\"alignnone wp-image-4618\" src=\"https:\/\/www.xn--sportschtzen-grauholz-gic.ch\/wordpress\/wp-content\/uploads\/2011\/09\/Werbung-300x160.jpg\" alt=\"werbung\" width=\"256\" height=\"137\" \/><\/a><\/p>\n","protected":false},"excerpt":{"rendered":"<p>Wir bitten Sie, bei Gelegenheit unsere Sponsoren zu ber\u00fccksichtigen. Alle haben unseren Verein in letzter Zeit grossz\u00fcgig unterst\u00fctzt!<\/p>\n","protected":false},"author":8,"featured_media":0,"parent":0,"menu_order":10,"comment_status":"open","ping_status":"open","template":"","meta":{"footnotes":""},"class_list":["post-521","page","type-page","status-publish","hentry"],"_links":{"self":[{"href":"https:\/\/www.xn--sportschtzen-grauholz-gic.ch\/wordpress\/index.php?rest_route=\/wp\/v2\/pages\/521","targetHints":{"allow":["GET"]}}],"collection":[{"href":"https:\/\/www.xn--sportschtzen-grauholz-gic.ch\/wordpress\/index.php?rest_route=\/wp\/v2\/pages"}],"about":[{"href":"https:\/\/www.xn--sportschtzen-grauholz-gic.ch\/wordpress\/index.php?rest_route=\/wp\/v2\/types\/page"}],"author":[{"embeddable":true,"href":"https:\/\/www.xn--sportschtzen-grauholz-gic.ch\/wordpress\/index.php?rest_route=\/wp\/v2\/users\/8"}],"replies":[{"embeddable":true,"href":"https:\/\/www.xn--sportschtzen-grauholz-gic.ch\/wordpress\/index.php?rest_route=%2Fwp%2Fv2%2Fcomments&post=521"}],"version-history":[{"count":31,"href":"https:\/\/www.xn--sportschtzen-grauholz-gic.ch\/wordpress\/index.php?rest_route=\/wp\/v2\/pages\/521\/revisions"}],"predecessor-version":[{"id":20354,"href":"https:\/\/www.xn--sportschtzen-grauholz-gic.ch\/wordpress\/index.php?rest_route=\/wp\/v2\/pages\/521\/revisions\/20354"}],"wp:attachment":[{"href":"https:\/\/www.xn--sportschtzen-grauholz-gic.ch\/wordpress\/index.php?rest_route=%2Fwp%2Fv2%2Fmedia&parent=521"}],"curies":[{"name":"wp","href":"https:\/\/api.w.org\/{rel}","templated":true}]}}