{"id":621,"date":"2011-10-06T08:50:14","date_gmt":"2011-10-06T08:50:14","guid":{"rendered":"http:\/\/www.milit\u00e4rsch\u00fctzen-urtenen.ch\/?page_id=621"},"modified":"2016-02-18T09:22:01","modified_gmt":"2016-02-18T08:22:01","slug":"das-schutzenhaus-mieten-100","status":"publish","type":"page","link":"https:\/\/www.xn--sportschtzen-grauholz-gic.ch\/wordpress\/?page_id=621","title":{"rendered":"Sch\u00fctzenhaus mieten"},"content":{"rendered":"<p><span style=\"color: #000000; text-decoration: underline;\"><strong>Das <strong>Sch\u00fctzenhaus mieten<\/strong><\/strong><\/span><\/p>\n<p>Auf das Bild klicken f\u00fcr grosse Ansicht<\/p>\n<p><a href=\"https:\/\/www.xn--sportschtzen-grauholz-gic.ch\/wordpress\/wp-content\/uploads\/2011\/10\/Sch\u00fctzenhaus.jpg\" rel=\"attachment wp-att-3920\"><img loading=\"lazy\" decoding=\"async\" class=\"alignnone wp-image-3920\" src=\"https:\/\/www.xn--sportschtzen-grauholz-gic.ch\/wordpress\/wp-content\/uploads\/2011\/10\/Sch\u00fctzenhaus-300x212.jpg\" alt=\"Sch\u00fctzenhaus\" width=\"368\" height=\"264\" \/><\/a><\/p>\n<p>Der \/ die Unterzeichnende beantragt das Sch\u00fctzenhaus der Sportsch\u00fctzen Grauholz zu mieten.<\/p>\n<p>F\u00fcr Anfragen \/ Reservationen f\u00fcllen Sie bitte folgendes Formular aus:<\/p>\n<div class=\"frm_forms  with_frm_style frm_style_formidable-style\" id=\"frm_form_7_container\" >\n<form enctype=\"multipart\/form-data\" method=\"post\" class=\"frm-show-form \" id=\"form_e74vwd\" >\n<div class=\"frm_form_fields \">\n<fieldset>\n\r\n<div class=\"frm_fields_container\">\n<input type=\"hidden\" name=\"frm_action\" value=\"create\" \/>\n<input type=\"hidden\" name=\"form_id\" value=\"7\" \/>\n<input type=\"hidden\" name=\"frm_hide_fields_7\" id=\"frm_hide_fields_7\" value=\"\" \/>\n<input type=\"hidden\" name=\"form_key\" value=\"e74vwd\" \/>\n<input type=\"hidden\" name=\"item_meta[0]\" value=\"\" \/>\n<input type=\"hidden\" id=\"frm_submit_entry_7\" name=\"frm_submit_entry_7\" value=\"64b9d6239c\" \/><input type=\"hidden\" name=\"_wp_http_referer\" value=\"\/wordpress\/index.php?rest_route=%2Fwp%2Fv2%2Fpages%2F621\" \/><div id=\"frm_field_60_container\" class=\"frm_form_field form-field  frm_top_container\">\r\n    <label  class=\"frm_primary_label\">Anrede\r\n        <span class=\"frm_required\"><\/span>\r\n    <\/label>\r\n    <input type=\"text\" id=\"field_1q5nu\" name=\"item_meta[60]\" value=\"\"  data-invmsg=\"Anrede ist ung\u00fcltig\" aria-invalid=\"false\"  \/>\r\n    \r\n    \r\n<\/div>\n<div id=\"frm_field_61_container\" class=\"frm_form_field form-field  frm_top_container\">\r\n    <label  class=\"frm_primary_label\">Name\r\n        <span class=\"frm_required\"><\/span>\r\n    <\/label>\r\n    <input type=\"text\" id=\"field_62utg3\" name=\"item_meta[61]\" value=\"\"  data-invmsg=\"Name ist ung\u00fcltig\" aria-invalid=\"false\"  \/>\r\n    \r\n    \r\n<\/div>\n<div id=\"frm_field_62_container\" class=\"frm_form_field form-field  frm_top_container\">\r\n    <label  class=\"frm_primary_label\">Vorname\r\n        <span class=\"frm_required\"><\/span>\r\n    <\/label>\r\n    <input type=\"text\" id=\"field_15azwh3\" name=\"item_meta[62]\" value=\"\"  data-invmsg=\"Vorname ist ung\u00fcltig\" aria-invalid=\"false\"  \/>\r\n    \r\n    \r\n<\/div>\n<div id=\"frm_field_63_container\" class=\"frm_form_field form-field  frm_top_container\">\r\n    <label  class=\"frm_primary_label\">Strasse\r\n        <span class=\"frm_required\"><\/span>\r\n    <\/label>\r\n    <input type=\"text\" id=\"field_uyzt783\" name=\"item_meta[63]\" value=\"\"  data-invmsg=\"Strasse ist ung\u00fcltig\" aria-invalid=\"false\"  \/>\r\n    \r\n    \r\n<\/div>\n<div id=\"frm_field_64_container\" class=\"frm_form_field form-field  frm_top_container\">\r\n    <label  class=\"frm_primary_label\">PLZ\/Ort\r\n        <span class=\"frm_required\"><\/span>\r\n    <\/label>\r\n    <input type=\"text\" id=\"field_3u1bja3\" name=\"item_meta[64]\" value=\"\"  data-invmsg=\"PLZ\/Ort ist ung\u00fcltig\" aria-invalid=\"false\"  \/>\r\n    \r\n    \r\n<\/div>\n<div id=\"frm_field_65_container\" class=\"frm_form_field form-field  frm_top_container\">\r\n    <label  class=\"frm_primary_label\">E-Mail-Adresse\r\n        <span class=\"frm_required\"><\/span>\r\n    <\/label>\r\n    <input type=\"text\" id=\"field_p3x89s3\" name=\"item_meta[65]\" value=\"\"  data-invmsg=\"E-Mail-Adresse ist ung\u00fcltig\" aria-invalid=\"false\"  \/>\r\n    \r\n    \r\n<\/div>\n<div id=\"frm_field_66_container\" class=\"frm_form_field form-field  frm_top_container\">\r\n    <label  class=\"frm_primary_label\">Telefon Festnetz\r\n        <span class=\"frm_required\"><\/span>\r\n    <\/label>\r\n    <input type=\"text\" id=\"field_lf1vru3\" name=\"item_meta[66]\" value=\"\"  data-invmsg=\"Telefon Festnetz ist ung\u00fcltig\" aria-invalid=\"false\"  \/>\r\n    \r\n    \r\n<\/div>\n<div id=\"frm_field_67_container\" class=\"frm_form_field form-field  frm_top_container\">\r\n    <label  class=\"frm_primary_label\">Telefon Mobil\r\n        <span class=\"frm_required\"><\/span>\r\n    <\/label>\r\n    <input type=\"text\" id=\"field_yz2jcw3\" name=\"item_meta[67]\" value=\"\"  data-invmsg=\"Telefon Mobil ist ung\u00fcltig\" aria-invalid=\"false\"  \/>\r\n    \r\n    \r\n<\/div>\n<div id=\"frm_field_68_container\" class=\"frm_form_field form-field  frm_top_container\">\r\n    <label  class=\"frm_primary_label\">Gew\u00fcnschtes Datum\r\n        <span class=\"frm_required\"><\/span>\r\n    <\/label>\r\n    <input type=\"text\" id=\"field_n4vzgx2\" name=\"item_meta[68]\" value=\"\"  data-invmsg=\"Gew\u00fcnschtes Datum ist ung\u00fcltig\" aria-invalid=\"false\"  \/>\r\n    \r\n    \r\n<\/div>\n<div id=\"frm_field_69_container\" class=\"frm_form_field form-field  frm_top_container\">\r\n    <label  class=\"frm_primary_label\">Anzahl Personen (ca.)\r\n        <span class=\"frm_required\"><\/span>\r\n    <\/label>\r\n    <input type=\"text\" id=\"field_lbwowd2\" name=\"item_meta[69]\" value=\"\"  data-invmsg=\"Anzahl Personen (ca.) ist ung\u00fcltig\" aria-invalid=\"false\"  \/>\r\n    \r\n    \r\n<\/div>\n<div id=\"frm_field_70_container\" class=\"frm_form_field form-field  frm_top_container vertical_radio\">\r\n    <label for=\"field_ljcrqe2\" class=\"frm_primary_label\">Der \/ die Unterzeichnende beantragt folgendes zu mieten:\r\n        <span class=\"frm_required\"><\/span>\r\n    <\/label>\r\n    <div class=\"frm_opt_container\">\t\t<div class=\"frm_checkbox\" id=\"frm_checkbox_70-3\">\t\t\t<label  for=\"field_ljcrqe2-3\">\n\t\t\t<input type=\"checkbox\" name=\"item_meta[70][]\" id=\"field_ljcrqe2-3\" value=\"Fr. 150.- Miete Sch\u00fctzenstube (Platz f\u00fcr ca. 20 Personen)\"  data-invmsg=\"Der \/ die Unterzeichnende beantragt folgendes zu mieten: ist ung\u00fcltig\"   \/> Fr. 150.- Miete Sch\u00fctzenstube (Platz f\u00fcr ca. 20 Personen)<\/label><\/div>\n\t\t<div class=\"frm_checkbox\" id=\"frm_checkbox_70-4\">\t\t\t<label  for=\"field_ljcrqe2-4\">\n\t\t\t<input type=\"checkbox\" name=\"item_meta[70][]\" id=\"field_ljcrqe2-4\" value=\"Fr. 200.- Miete Sch\u00fctzenstube und 10m Stand (Platz f\u00fcr ca. 45 Personen)\"  data-invmsg=\"Der \/ die Unterzeichnende beantragt folgendes zu mieten: ist ung\u00fcltig\"   \/> Fr. 200.- Miete Sch\u00fctzenstube und 10m Stand (Platz f\u00fcr ca. 45 Personen)<\/label><\/div>\n\t\t<div class=\"frm_checkbox\" id=\"frm_checkbox_70-5\">\t\t\t<label  for=\"field_ljcrqe2-5\">\n\t\t\t<input type=\"checkbox\" name=\"item_meta[70][]\" id=\"field_ljcrqe2-5\" value=\"Fr. 30.- Heizung: Zuschlag 01.Otober - 31. M\u00e4rz\"  data-invmsg=\"Der \/ die Unterzeichnende beantragt folgendes zu mieten: ist ung\u00fcltig\"   \/> Fr. 30.- Heizung: Zuschlag 01.Otober - 31. M\u00e4rz<\/label><\/div>\n<\/div>\r\n    \r\n    \r\n<\/div>\n<div id=\"frm_field_73_container\" class=\"frm_form_field form-field  frm_top_container\">\r\n    <label for=\"field_i8ze702\" class=\"frm_primary_label\">Allgemeine Bedingungen:\r\n        <span class=\"frm_required\"><\/span>\r\n    <\/label>\r\n    <textarea name=\"item_meta[73]\" id=\"field_i8ze702\" rows=\"5\"  data-frmval=\"Im Sch\u00fctzenhaus herrscht Rauchverbot!\r\nBei Reservationsabschluss wird eine schriftlliche Mietvereinbarung abgeschlossen. Die Anlage wird zu einem vereinbarten Termin \u00fcbergeben und anschliessend wieder abgenommen. Die Anlage ist in einwandfreien und sauberen Zustand abzugeben. Das Reinigen ist Sache des Mieters. Das notwendige Reinigungsmaterial ist vorhanden. Abf\u00fchrung des produzierten Abfalls ist ebenfalls Sache des Mieters.\r\nEinhaltung der Nacht- und Mittagsruhe, das Vermeiden von \u00fcberm\u00e4ssigen L\u00e4rmemissionen beim Rauchen im Freien und beim Wegfahren.\r\n\r\nDer Vorstand\r\n\" data-invmsg=\"Allgemeine Bedingungen: ist ung\u00fcltig\" aria-invalid=\"false\"  >Im Sch\u00fctzenhaus herrscht Rauchverbot!\r\nBei Reservationsabschluss wird eine schriftlliche Mietvereinbarung abgeschlossen. Die Anlage wird zu einem vereinbarten Termin \u00fcbergeben und anschliessend wieder abgenommen. Die Anlage ist in einwandfreien und sauberen Zustand abzugeben. Das Reinigen ist Sache des Mieters. Das notwendige Reinigungsmaterial ist vorhanden. Abf\u00fchrung des produzierten Abfalls ist ebenfalls Sache des Mieters.\r\nEinhaltung der Nacht- und Mittagsruhe, das Vermeiden von \u00fcberm\u00e4ssigen L\u00e4rmemissionen beim Rauchen im Freien und beim Wegfahren.\r\n\r\nDer Vorstand\r\n<\/textarea>\r\n    \r\n    \r\n<\/div>\n<div id=\"frm_field_117_container\" class=\"frm_form_field form-field \">\n\t<div class=\"frm_submit\">\r\n\r\n<input type=\"submit\" value=\"Mietanfrage absenden\"  \/>\r\n<img decoding=\"async\" class=\"frm_ajax_loading\" src=\"https:\/\/www.xn--sportschtzen-grauholz-gic.ch\/wordpress\/wp-content\/plugins\/formidable\/images\/ajax_loader.gif\" alt=\"Sending\" style=\"visibility:hidden;\" \/>\r\n\r\n<\/div>\n<\/div>\n\t<input type=\"hidden\" name=\"item_key\" value=\"\" \/>\n\t\t\t<div id=\"frm_field_119_container\">\n\t\t\t<label for=\"field_jj4bn\" >\n\t\t\t\tFalls Du menschlich bist, lasse dieses Feld leer.\t\t\t<\/label>\n\t\t\t<input  id=\"field_jj4bn\" type=\"text\" class=\"frm_form_field form-field frm_verify\" name=\"item_meta[119]\" value=\"\"  \/>\n\t\t<\/div>\n\t\t<input name=\"frm_state\" type=\"hidden\" value=\"2RSbnmdn8xLbonb3TThHY04Sk7RE7RiFMeTwB\/W+mVs=\" \/><\/div>\n<\/fieldset>\n<\/div>\n\n<p style=\"display: none !important;\" class=\"akismet-fields-container\" data-prefix=\"ak_\"><label>&#916;<textarea name=\"ak_hp_textarea\" cols=\"45\" rows=\"8\" maxlength=\"100\"><\/textarea><\/label><input type=\"hidden\" id=\"ak_js_1\" name=\"ak_js\" value=\"152\"\/><script>document.getElementById( \"ak_js_1\" ).setAttribute( \"value\", ( new Date() ).getTime() );<\/script><\/p><\/form>\n<\/div>\n\n","protected":false},"excerpt":{"rendered":"<p>Das Sch\u00fctzenhaus mieten Auf das Bild klicken f\u00fcr grosse Ansicht Der \/ die Unterzeichnende beantragt das Sch\u00fctzenhaus der Sportsch\u00fctzen Grauholz zu mieten. F\u00fcr Anfragen \/ Reservationen f\u00fcllen Sie bitte folgendes Formular aus:<\/p>\n","protected":false},"author":8,"featured_media":0,"parent":0,"menu_order":5,"comment_status":"open","ping_status":"closed","template":"","meta":{"footnotes":""},"class_list":["post-621","page","type-page","status-publish","hentry"],"_links":{"self":[{"href":"https:\/\/www.xn--sportschtzen-grauholz-gic.ch\/wordpress\/index.php?rest_route=\/wp\/v2\/pages\/621","targetHints":{"allow":["GET"]}}],"collection":[{"href":"https:\/\/www.xn--sportschtzen-grauholz-gic.ch\/wordpress\/index.php?rest_route=\/wp\/v2\/pages"}],"about":[{"href":"https:\/\/www.xn--sportschtzen-grauholz-gic.ch\/wordpress\/index.php?rest_route=\/wp\/v2\/types\/page"}],"author":[{"embeddable":true,"href":"https:\/\/www.xn--sportschtzen-grauholz-gic.ch\/wordpress\/index.php?rest_route=\/wp\/v2\/users\/8"}],"replies":[{"embeddable":true,"href":"https:\/\/www.xn--sportschtzen-grauholz-gic.ch\/wordpress\/index.php?rest_route=%2Fwp%2Fv2%2Fcomments&post=621"}],"version-history":[{"count":40,"href":"https:\/\/www.xn--sportschtzen-grauholz-gic.ch\/wordpress\/index.php?rest_route=\/wp\/v2\/pages\/621\/revisions"}],"predecessor-version":[{"id":3922,"href":"https:\/\/www.xn--sportschtzen-grauholz-gic.ch\/wordpress\/index.php?rest_route=\/wp\/v2\/pages\/621\/revisions\/3922"}],"wp:attachment":[{"href":"https:\/\/www.xn--sportschtzen-grauholz-gic.ch\/wordpress\/index.php?rest_route=%2Fwp%2Fv2%2Fmedia&parent=621"}],"curies":[{"name":"wp","href":"https:\/\/api.w.org\/{rel}","templated":true}]}}