{"id":683,"date":"2011-10-19T08:15:35","date_gmt":"2011-10-19T08:15:35","guid":{"rendered":"http:\/\/www.xn--militrschtzen-urtenen-91b07c.ch\/?page_id=683"},"modified":"2018-08-23T09:05:58","modified_gmt":"2018-08-23T07:05:58","slug":"standort-des-schutzenhauses-in-urtenen","status":"publish","type":"page","link":"https:\/\/www.xn--sportschtzen-grauholz-gic.ch\/wordpress\/?page_id=683","title":{"rendered":"Standort des Sch\u00fctzenhauses"},"content":{"rendered":"<p><a href=\"https:\/\/www.xn--sportschtzen-grauholz-gic.ch\/wordpress\/wp-content\/uploads\/2011\/10\/Urtenen-Standort.jpg\"><img loading=\"lazy\" decoding=\"async\" class=\"alignnone size-thumbnail wp-image-684\" src=\"https:\/\/www.xn--sportschtzen-grauholz-gic.ch\/wordpress\/wp-content\/uploads\/2011\/10\/Urtenen-Standort-150x150.jpg\" alt=\"Urtenen Standort\" width=\"150\" height=\"150\" srcset=\"https:\/\/www.xn--sportschtzen-grauholz-gic.ch\/wordpress\/wp-content\/uploads\/2011\/10\/Urtenen-Standort-150x150.jpg 150w, https:\/\/www.xn--sportschtzen-grauholz-gic.ch\/wordpress\/wp-content\/uploads\/2011\/10\/Urtenen-Standort-300x297.jpg 300w, https:\/\/www.xn--sportschtzen-grauholz-gic.ch\/wordpress\/wp-content\/uploads\/2011\/10\/Urtenen-Standort-302x300.jpg 302w, https:\/\/www.xn--sportschtzen-grauholz-gic.ch\/wordpress\/wp-content\/uploads\/2011\/10\/Urtenen-Standort.jpg 822w\" sizes=\"auto, (max-width: 150px) 100vw, 150px\" \/><\/a><\/p>\n<p>Standort des Sch\u00fctzenhauses in Urtenen Sch\u00f6nb\u00fchl &#8212; klicken f\u00fcr grosse Ansicht<\/p>\n<p><a href=\"https:\/\/www.xn--sportschtzen-grauholz-gic.ch\/wordpress\/wp-content\/uploads\/2011\/10\/Urtenen1.jpeg\"><img loading=\"lazy\" decoding=\"async\" class=\"alignnone size-thumbnail wp-image-1471\" src=\"https:\/\/www.xn--sportschtzen-grauholz-gic.ch\/wordpress\/wp-content\/uploads\/2011\/10\/Urtenen1-150x150.jpg\" alt=\"Urtenen1\" width=\"150\" height=\"150\" \/><\/a><\/p>\n<p><a href=\"https:\/\/www.xn--sportschtzen-grauholz-gic.ch\/wordpress\/wp-content\/uploads\/2011\/10\/Urtenen2.jpeg\"><img loading=\"lazy\" decoding=\"async\" class=\"alignnone size-thumbnail wp-image-1473\" src=\"https:\/\/www.xn--sportschtzen-grauholz-gic.ch\/wordpress\/wp-content\/uploads\/2011\/10\/Urtenen2-150x150.jpg\" alt=\"Urtenen2\" width=\"150\" height=\"150\" \/><\/a><\/p>\n<p>&nbsp;<\/p>\n<p>&nbsp;<\/p>\n<p><a href=\"https:\/\/sportsch\u00fctzen-grauholz.ch\/wordpresswp-content\/uploads\/2011\/10\/Urtenen1.jpeg\">\u00a0<\/a><\/p>\n","protected":false},"excerpt":{"rendered":"<p>Standort des Sch\u00fctzenhauses in Urtenen Sch\u00f6nb\u00fchl &#8212; klicken f\u00fcr grosse Ansicht &nbsp; &nbsp; \u00a0<\/p>\n","protected":false},"author":8,"featured_media":0,"parent":621,"menu_order":1,"comment_status":"open","ping_status":"closed","template":"","meta":{"footnotes":""},"class_list":["post-683","page","type-page","status-publish","hentry"],"_links":{"self":[{"href":"https:\/\/www.xn--sportschtzen-grauholz-gic.ch\/wordpress\/index.php?rest_route=\/wp\/v2\/pages\/683","targetHints":{"allow":["GET"]}}],"collection":[{"href":"https:\/\/www.xn--sportschtzen-grauholz-gic.ch\/wordpress\/index.php?rest_route=\/wp\/v2\/pages"}],"about":[{"href":"https:\/\/www.xn--sportschtzen-grauholz-gic.ch\/wordpress\/index.php?rest_route=\/wp\/v2\/types\/page"}],"author":[{"embeddable":true,"href":"https:\/\/www.xn--sportschtzen-grauholz-gic.ch\/wordpress\/index.php?rest_route=\/wp\/v2\/users\/8"}],"replies":[{"embeddable":true,"href":"https:\/\/www.xn--sportschtzen-grauholz-gic.ch\/wordpress\/index.php?rest_route=%2Fwp%2Fv2%2Fcomments&post=683"}],"version-history":[{"count":16,"href":"https:\/\/www.xn--sportschtzen-grauholz-gic.ch\/wordpress\/index.php?rest_route=\/wp\/v2\/pages\/683\/revisions"}],"predecessor-version":[{"id":5828,"href":"https:\/\/www.xn--sportschtzen-grauholz-gic.ch\/wordpress\/index.php?rest_route=\/wp\/v2\/pages\/683\/revisions\/5828"}],"up":[{"embeddable":true,"href":"https:\/\/www.xn--sportschtzen-grauholz-gic.ch\/wordpress\/index.php?rest_route=\/wp\/v2\/pages\/621"}],"wp:attachment":[{"href":"https:\/\/www.xn--sportschtzen-grauholz-gic.ch\/wordpress\/index.php?rest_route=%2Fwp%2Fv2%2Fmedia&parent=683"}],"curies":[{"name":"wp","href":"https:\/\/api.w.org\/{rel}","templated":true}]}}